{"id":1780,"date":"2014-06-26T02:39:31","date_gmt":"2014-06-26T02:39:31","guid":{"rendered":"http:\/\/localhost\/dev.wp\/etro\/?page_id=1780"},"modified":"2018-09-11T13:29:14","modified_gmt":"2018-09-11T13:29:14","slug":"about-us","status":"publish","type":"page","link":"https:\/\/telasigapo.com.br\/?page_id=1780","title":{"rendered":"Sobre"},"content":{"rendered":"<p><section class=\"kc-elm kc-css-89506 kc_row\"><div class=\"kc-row-container  kc-container  service-v1\"><div class=\"kc-wrap-columns\"><div class=\"kc-elm kc-css-677229 kc_col-sm-12 kc_column kc_col-sm-12\"><div class=\"kc-col-container\"><div class=\"kc-elm kc-css-635997 kc_row kc_row_inner\"><div class=\"kc-elm kc-css-881498 kc_col-sm-6 kc_column_inner kc_col-sm-6\"><div class=\"kc_wrapper kc-col-inner-container\"><div class=\"kc-elm kc-css-378817\" style=\"height: 20px; clear: both; width:100%;\"><\/div><div class=\"kc_shortcode kc_single_image effect-default\"><img decoding=\"async\" src=\"https:\/\/telasigapo.com.br\/wp-content\/uploads\/2018\/08\/cerca-sobre.jpg\" class=\"\" alt=\"\" \/><\/div><div class=\"kc-elm kc-css-73965\" style=\"height: 20px; clear: both; width:100%;\"><\/div><\/div><\/div><div class=\"kc-elm kc-css-422229 kc_col-sm-6 kc_column_inner kc_col-sm-6\"><div class=\"kc_wrapper kc-col-inner-container\">\n<div class=\"kc-elm kc-css-532094 kc-title-wrap \">\n\n\t<h4 class=\"kc_title\">TRADI\u00c7\u00c3O, QUALIDADE E SERIEDADE.<\/h4>\n<\/div>\n<div class=\"kc-elm kc-css-710467 kc_text_block\"><\/p>\n<p>A empresa Telas Igap\u00f3 faz parte da Rede de Lojas Credenciadas BELGO CERCAS E CIA e sua presen\u00e7a na cidade de Londrina tem por objetivo atender toda a regi\u00e3o com as melhores solu\u00e7\u00f5es em cercamentos para as mais diversas finalidades.<\/p>\n<p>Especializada na comercializa\u00e7\u00e3o e instala\u00e7\u00e3o de gradis met\u00e1licos, telas soldada e alambrados, a TELAS IGAP\u00d3 \u00e9 experiente na instala\u00e7\u00e3o de cercamentos em ch\u00e1caras, resid\u00eancias, empresas dos mais variados segmentos, shopping center, ind\u00fastrias, avi\u00e1rios, cooperativas e tantas outras.<\/p>\n<p>A TELAS IGAP\u00d3 conta com uma equipe de profissionais treinada e capacitada na busca de solu\u00e7\u00f5es de cercamento e podem auxiliar desde a elabora\u00e7\u00e3o do projeto arquitet\u00f4nico, passando por simula\u00e7\u00f5es em fotomontagem at\u00e9 a execu\u00e7\u00e3o definitiva da obra.<\/p>\n<p>Venha conhecer nossa empresa e entender melhor a grande vantagem de escolher os produtos BELGO BEKAERT, certificados com QUALIFICA\u00c7\u00c3O ISO, e acima de tudo fazer novos amigos atrav\u00e9s do atendimento personalizado e diferenciado da rede BELGO CERCAS E CIA.<\/p>\n<p>\n<\/div><\/div><\/div><\/div><div class=\"kc-elm kc-css-282253\" style=\"height: 75px; clear: both; width:100%;\"><\/div><div class=\"kc-elm kc-css-773706 kc_row kc_row_inner\"><div class=\"kc-elm kc-css-527353 kc_col-sm-3 kc_column_inner kc_col-sm-3\"><div class=\"kc_wrapper kc-col-inner-container\">\n<div class=\"feature-box feature-box-v1 \">\n\t    <div class=\"fbox-icon\">\n        <i class=\" fa-check-square\" style=\"color: #e21f1d;\"><\/i>    <\/div>\n          <div class=\"fbox-content\">  \n         <div class=\"fbox-body\">                            \n            <h4 >OHSAS 18001<\/h4> \n                                   \n         <\/div>\n                    <p class=\"description\">Certifica que a empresa adota as melhores pr\u00e1ticas em gest\u00e3o de sa\u00fade e seguran\u00e7a do trabalho.<\/p>  \n               <\/div>      \n<\/div>\n<\/div><\/div><div class=\"kc-elm kc-css-762944 kc_col-sm-4 kc_column_inner kc_col-sm-4\"><div class=\"kc_wrapper kc-col-inner-container\">\n<div class=\"feature-box feature-box-v1 \">\n\t    <div class=\"fbox-icon\">\n        <i class=\" fa-check-square\" style=\"color: #e21f1d;\"><\/i>    <\/div>\n          <div class=\"fbox-content\">  \n         <div class=\"fbox-body\">                            \n            <h4 >ISO 14001<\/h4> \n                                   \n         <\/div>\n                    <p class=\"description\">Certifica que a empresa respeita o meio ambiente e \u00e9 comprometida com o desenvolvimento sustent\u00e1vel e com a redu\u00e7\u00e3o de impactos ambientais.<\/p>  \n               <\/div>      \n<\/div>\n<\/div><\/div><div class=\"kc-elm kc-css-80183 kc_col-of-5 kc_column_inner kc_col-of-5\"><div class=\"kc_wrapper kc-col-inner-container\">\n<div class=\"feature-box feature-box-v1 \">\n\t    <div class=\"fbox-icon\">\n        <i class=\" fa-check-square\" style=\"color: #e21f1d;\"><\/i>    <\/div>\n          <div class=\"fbox-content\">  \n         <div class=\"fbox-body\">                            \n            <h4 >ISO 9001<\/h4> \n                                   \n         <\/div>\n                    <p class=\"description\">Certifica que a empresa adota um sistema de gest\u00e3o da qualidade.<\/p>  \n               <\/div>      \n<\/div>\n<\/div><\/div><div class=\"kc-elm kc-css-622106 kc_col-sm-3 kc_column_inner kc_col-sm-3\"><div class=\"kc_wrapper kc-col-inner-container\">\n<div class=\"feature-box feature-box-v1 \">\n\t    <div class=\"fbox-icon\">\n        <i class=\" fa-check-square\" style=\"color: #e21f1d;\"><\/i>    <\/div>\n          <div class=\"fbox-content\">  \n         <div class=\"fbox-body\">                            \n            <h4 >R\u00f3tulo Ecol\u00f3gico ABNT<\/h4> \n                                   \n         <\/div>\n                    <p class=\"description\">Certifica o desempenho ambiental das empresas que trabalham com produtos menos agressivos ao meio ambiente.<\/p>  \n               <\/div>      \n<\/div>\n<\/div><\/div><\/div><\/div><\/div><\/div><\/div><\/section><section class=\"kc-elm kc-css-345720 kc_row\"><div class=\"kc-row-container  kc-container\"><div class=\"kc-wrap-columns\"><div class=\"kc-elm kc-css-226653 kc_col-sm-12 kc_column kc_col-sm-12\"><div class=\"kc-col-container\"><div class=\"kc-elm kc-css-413656 kc_row kc_row_inner\"><div class=\"kc-elm kc-css-922600 kc_col-sm-9 kc_column_inner kc_col-sm-9\"><div class=\"kc_wrapper kc-col-inner-container\">\n<div class=\"kc-elm kc-css-247870 kc-title-wrap \">\n\n\t<h1 class=\"kc_title\"><span style=\"color: #a90533;\">D\u00e9cadas<\/span> de experi\u00eancias<br>\r\nno mercado de cercas.<\/h1>\n<\/div>\n<div class=\"kc-elm kc-css-508447 kc_text_block\"><\/p>\n<p>Atendemos Londrina e toda Regi\u00e3o.<\/p>\n<div id=\"SLG_balloon_obj\" style=\"display: block;\">\n<div id=\"SLG_button\" class=\"SLG_ImTranslatorLogo\" style=\"background: url('chrome-extension:\/\/mchdgimobfnilobnllpdnompfjkkfdmi\/content\/img\/util\/imtranslator-s.png'); display: none; opacity: 1;\"><\/div>\n<div id=\"SLG_shadow_translation_result2\" style=\"display: none;\"><\/div>\n<div id=\"SLG_shadow_translator\" style=\"display: none;\">\n<div id=\"SLG_planshet\">\n<div id=\"SLG_arrow_up\" style=\"background: url('chrome-extension:\/\/mchdgimobfnilobnllpdnompfjkkfdmi\/content\/img\/util\/up.png');\"><\/div>\n<div id=\"SLG_Bproviders\" style=\"visibility: hidden;\">\n<div id=\"SLG_P0\" class=\"SLG_BL_LABLE_ON\" title=\"Google\">G<\/div>\n<div id=\"SLG_P1\" class=\"SLG_BL_LABLE_ON\" title=\"Microsoft\">M<\/div>\n<div id=\"SLG_P2\" class=\"SLG_BL_LABLE_ON\" title=\"Translator\">T<\/div>\n<\/div>\n<div id=\"SLG_alert_bbl\" style=\"display: none;\">\n<div id=\"SLHKclose\" style=\"background: url('chrome-extension:\/\/mchdgimobfnilobnllpdnompfjkkfdmi\/content\/img\/util\/delete.png');\"><\/div>\n<div id=\"SLG_alert_cont\"><\/div>\n<\/div>\n<div id=\"SLG_TB\">\n<table id=\"SLG_tables\" cellspacing=\"1\">\n<tbody>\n<tr>\n<td class=\"SLG_td\" align=\"right\" width=\"10%\"><input id=\"SLG_locer\" title=\"Bloquear idioma\" type=\"checkbox\" \/><\/td>\n<td class=\"SLG_td\" align=\"left\" width=\"20%\"><select id=\"SLG_lng_from\" style=\"background: url('chrome-extension:\/\/mchdgimobfnilobnllpdnompfjkkfdmi\/content\/img\/util\/select.png') 100% 0px no-repeat #ffffff;\"><option value=\"auto\">Detectar idioma<\/option><option value=\"af\">Afric\u00e2ner<\/option><option value=\"sq\">Alban\u00eas<\/option><option value=\"de\">Alem\u00e3o<\/option><option value=\"am\">Am\u00e1rico<\/option><option value=\"ar\">Arabe<\/option><option value=\"hy\">Arm\u00eanio<\/option><option value=\"az\">Azerbaijano<\/option><option value=\"eu\">Basco<\/option><option value=\"bn\">Bengali<\/option><option value=\"be\">Bielo-russo<\/option><option value=\"my\">Birman\u00eas<\/option><option value=\"bs\">B\u00f3snio<\/option><option value=\"bg\">B\u00falgaro<\/option><option value=\"kn\">Canar\u00eas<\/option><option value=\"ca\">Catal\u00e3o<\/option><option value=\"kk\">Cazaque<\/option><option value=\"ceb\">Cebuano<\/option><option value=\"ny\">Chicheua<\/option><option value=\"zh-CN\">Chin\u00eas simp<\/option><option value=\"zh-TW\">Chin\u00eas trad<\/option><option value=\"sn\">Chona<\/option><option value=\"si\">Cingal\u00eas<\/option><option value=\"ko\">Coreano<\/option><option value=\"co\">Corso<\/option><option value=\"ht\">Crioulo haitiano<\/option><option value=\"hr\">Croata<\/option><option value=\"ku\">Curdo<\/option><option value=\"da\">Dinamarqu\u00eas<\/option><option value=\"sk\">Eslovaco<\/option><option value=\"sl\">Esloveno<\/option><option value=\"es\">Espanhol<\/option><option value=\"eo\">Esperanto<\/option><option value=\"et\">Estoniano<\/option><option value=\"tl\">Filipino<\/option><option value=\"fi\">Finland\u00eas<\/option><option value=\"fr\">Franc\u00eas<\/option><option value=\"fy\">Fr\u00edsio<\/option><option value=\"gd\">Ga\u00e9lico escoc\u00eas<\/option><option value=\"gl\">Galego<\/option><option value=\"cy\">Gal\u00eas<\/option><option value=\"ka\">Georgiano<\/option><option value=\"el\">Grego<\/option><option value=\"gu\">Guzerate<\/option><option value=\"ha\">Hau\u00e7a<\/option><option value=\"haw\">Havaiano<\/option><option value=\"iw\">Hebraico<\/option><option value=\"hi\">Hindi<\/option><option value=\"hmn\">Hmong<\/option><option value=\"nl\">Holand\u00eas<\/option><option value=\"hu\">H\u00fangaro<\/option><option value=\"ig\">Igbo<\/option><option value=\"yi\">I\u00eddiche<\/option><option value=\"id\">Indon\u00e9sio<\/option><option value=\"en\">Ingl\u00eas<\/option><option value=\"yo\">Ioruba<\/option><option value=\"ga\">Irland\u00eas<\/option><option value=\"is\">Island\u00eas<\/option><option value=\"it\">Italiano<\/option><option value=\"ja\">Japon\u00eas<\/option><option value=\"jw\">Javan\u00eas<\/option><option value=\"km\">Khmer<\/option><option value=\"lo\">Laosiano<\/option><option value=\"la\">Latim<\/option><option value=\"lv\">Let\u00e3o<\/option><option value=\"lt\">Lituano<\/option><option value=\"lb\">Luxemburgu\u00eas<\/option><option value=\"mk\">Maced\u00f4nico<\/option><option value=\"ml\">Malaiala<\/option><option value=\"ms\">Malaio<\/option><option value=\"mg\">Malgaxe<\/option><option value=\"mt\">Malt\u00eas<\/option><option value=\"mi\">Maori<\/option><option value=\"mr\">Marata<\/option><option value=\"mn\">Mongol<\/option><option value=\"ne\">Nepal\u00eas<\/option><option value=\"no\">Noruegu\u00eas<\/option><option value=\"ps\">Pachto<\/option><option value=\"fa\">Persa<\/option><option value=\"pl\">Polon\u00eas<\/option><option value=\"pt\">Portugu\u00eas<\/option><option value=\"pa\">Punjabi<\/option><option value=\"ky\">Quirguiz<\/option><option value=\"ro\">Romeno<\/option><option value=\"ru\">Russo<\/option><option value=\"sm\">Samoano<\/option><option value=\"sr\">S\u00e9rvio<\/option><option value=\"st\">Sessoto<\/option><option value=\"sd\">Sindi<\/option><option value=\"so\">Somali<\/option><option value=\"sw\">Sua\u00edle<\/option><option value=\"sv\">Sueco<\/option><option value=\"su\">Sundan\u00eas<\/option><option value=\"tg\">Tadjique<\/option><option value=\"th\">Tailand\u00eas<\/option><option value=\"ta\">T\u00e2mil<\/option><option value=\"cs\">Tcheco<\/option><option value=\"te\">Telugo<\/option><option value=\"tr\">Turco<\/option><option value=\"uk\">Ucraniano<\/option><option value=\"ur\">Urdu<\/option><option value=\"uz\">Uzbeque<\/option><option value=\"vi\">Vietnamita<\/option><option value=\"xh\">Xhosa<\/option><option value=\"zu\">Zulu<\/option><\/select><\/td>\n<td class=\"SLG_td\" align=\"center\" width=\"3\">\n<div id=\"SLG_switch_b\" style=\"background: url('chrome-extension:\/\/mchdgimobfnilobnllpdnompfjkkfdmi\/content\/img\/util\/switchb.png');\" title=\"Alternar Idiomas\"><\/div>\n<\/td>\n<td class=\"SLG_td\" align=\"left\" width=\"20%\"><select id=\"SLG_lng_to\" style=\"background: url('chrome-extension:\/\/mchdgimobfnilobnllpdnompfjkkfdmi\/content\/img\/util\/select.png') 100% 0px no-repeat #ffffff;\"><option value=\"af\">Afric\u00e2ner<\/option><option value=\"sq\">Alban\u00eas<\/option><option value=\"de\">Alem\u00e3o<\/option><option value=\"am\">Am\u00e1rico<\/option><option value=\"ar\">Arabe<\/option><option value=\"hy\">Arm\u00eanio<\/option><option value=\"az\">Azerbaijano<\/option><option value=\"eu\">Basco<\/option><option value=\"bn\">Bengali<\/option><option value=\"be\">Bielo-russo<\/option><option value=\"my\">Birman\u00eas<\/option><option value=\"bs\">B\u00f3snio<\/option><option value=\"bg\">B\u00falgaro<\/option><option value=\"kn\">Canar\u00eas<\/option><option value=\"ca\">Catal\u00e3o<\/option><option value=\"kk\">Cazaque<\/option><option value=\"ceb\">Cebuano<\/option><option value=\"ny\">Chicheua<\/option><option value=\"zh-CN\">Chin\u00eas simp<\/option><option value=\"zh-TW\">Chin\u00eas trad<\/option><option value=\"sn\">Chona<\/option><option value=\"si\">Cingal\u00eas<\/option><option value=\"ko\">Coreano<\/option><option value=\"co\">Corso<\/option><option value=\"ht\">Crioulo haitiano<\/option><option value=\"hr\">Croata<\/option><option value=\"ku\">Curdo<\/option><option value=\"da\">Dinamarqu\u00eas<\/option><option value=\"sk\">Eslovaco<\/option><option value=\"sl\">Esloveno<\/option><option value=\"es\">Espanhol<\/option><option value=\"eo\">Esperanto<\/option><option value=\"et\">Estoniano<\/option><option value=\"tl\">Filipino<\/option><option value=\"fi\">Finland\u00eas<\/option><option value=\"fr\">Franc\u00eas<\/option><option value=\"fy\">Fr\u00edsio<\/option><option value=\"gd\">Ga\u00e9lico escoc\u00eas<\/option><option value=\"gl\">Galego<\/option><option value=\"cy\">Gal\u00eas<\/option><option value=\"ka\">Georgiano<\/option><option value=\"el\">Grego<\/option><option value=\"gu\">Guzerate<\/option><option value=\"ha\">Hau\u00e7a<\/option><option value=\"haw\">Havaiano<\/option><option value=\"iw\">Hebraico<\/option><option value=\"hi\">Hindi<\/option><option value=\"hmn\">Hmong<\/option><option value=\"nl\">Holand\u00eas<\/option><option value=\"hu\">H\u00fangaro<\/option><option value=\"ig\">Igbo<\/option><option value=\"yi\">I\u00eddiche<\/option><option value=\"id\">Indon\u00e9sio<\/option><option value=\"en\">Ingl\u00eas<\/option><option value=\"yo\">Ioruba<\/option><option value=\"ga\">Irland\u00eas<\/option><option value=\"is\">Island\u00eas<\/option><option value=\"it\">Italiano<\/option><option value=\"ja\">Japon\u00eas<\/option><option value=\"jw\">Javan\u00eas<\/option><option value=\"km\">Khmer<\/option><option value=\"lo\">Laosiano<\/option><option value=\"la\">Latim<\/option><option value=\"lv\">Let\u00e3o<\/option><option value=\"lt\">Lituano<\/option><option value=\"lb\">Luxemburgu\u00eas<\/option><option value=\"mk\">Maced\u00f4nico<\/option><option value=\"ml\">Malaiala<\/option><option value=\"ms\">Malaio<\/option><option value=\"mg\">Malgaxe<\/option><option value=\"mt\">Malt\u00eas<\/option><option value=\"mi\">Maori<\/option><option value=\"mr\">Marata<\/option><option value=\"mn\">Mongol<\/option><option value=\"ne\">Nepal\u00eas<\/option><option value=\"no\">Noruegu\u00eas<\/option><option value=\"ps\">Pachto<\/option><option value=\"fa\">Persa<\/option><option value=\"pl\">Polon\u00eas<\/option><option selected=\"selected\" value=\"pt\">Portugu\u00eas<\/option><option value=\"pa\">Punjabi<\/option><option value=\"ky\">Quirguiz<\/option><option value=\"ro\">Romeno<\/option><option value=\"ru\">Russo<\/option><option value=\"sm\">Samoano<\/option><option value=\"sr\">S\u00e9rvio<\/option><option value=\"st\">Sessoto<\/option><option value=\"sd\">Sindi<\/option><option value=\"so\">Somali<\/option><option value=\"sw\">Sua\u00edle<\/option><option value=\"sv\">Sueco<\/option><option value=\"su\">Sundan\u00eas<\/option><option value=\"tg\">Tadjique<\/option><option value=\"th\">Tailand\u00eas<\/option><option value=\"ta\">T\u00e2mil<\/option><option value=\"cs\">Tcheco<\/option><option value=\"te\">Telugo<\/option><option value=\"tr\">Turco<\/option><option value=\"uk\">Ucraniano<\/option><option value=\"ur\">Urdu<\/option><option value=\"uz\">Uzbeque<\/option><option value=\"vi\">Vietnamita<\/option><option value=\"xh\">Xhosa<\/option><option value=\"zu\">Zulu<\/option><\/select><\/td>\n<td class=\"SLG_td\" align=\"center\" width=\"5%\"><\/td>\n<td class=\"SLG_td\" align=\"center\" width=\"8%\">\n<div id=\"SLG_TTS_voice\" style=\"background: url('chrome-extension:\/\/mchdgimobfnilobnllpdnompfjkkfdmi\/content\/img\/util\/ttsvoice.png');\" title=\"undefined\"><\/div>\n<\/td>\n<td class=\"SLG_td\" align=\"center\" width=\"8%\">\n<div id=\"SLG_copy\" class=\"SLG_copy\" style=\"background: url('chrome-extension:\/\/mchdgimobfnilobnllpdnompfjkkfdmi\/content\/img\/util\/copy.png');\" title=\"Copiar\"><\/div>\n<\/td>\n<td class=\"SLG_td\" align=\"center\" width=\"8%\">\n<div id=\"SLG_bbl_font_patch\"><\/div>\n<div id=\"SLG_bbl_font\" class=\"SLG_bbl_font\" style=\"background: url('chrome-extension:\/\/mchdgimobfnilobnllpdnompfjkkfdmi\/content\/img\/util\/font.png');\" title=\"Tamanho da fonte\"><\/div>\n<\/td>\n<td class=\"SLG_td\" align=\"center\" width=\"8%\">\n<div id=\"SLG_bbl_help\" style=\"background: url('chrome-extension:\/\/mchdgimobfnilobnllpdnompfjkkfdmi\/content\/img\/util\/bhelp.png');\" title=\"Ajuda\"><\/div>\n<\/td>\n<td class=\"SLG_td\" align=\"right\" width=\"15%\">\n<div id=\"SLG_pin\" class=\"SLG_pin_off\" style=\"background: url('chrome-extension:\/\/mchdgimobfnilobnllpdnompfjkkfdmi\/content\/img\/util\/pin-on.png');\" title=\"Fixar a janela de pop-up\"><\/div>\n<\/td>\n<\/tr>\n<\/tbody>\n<\/table>\n<\/div>\n<\/div>\n<div id=\"SLG_shadow_translation_result\" style=\"visibility: visible;\"><\/div>\n<div id=\"SLG_loading\" class=\"SLG_loading\" style=\"background: url('chrome-extension:\/\/mchdgimobfnilobnllpdnompfjkkfdmi\/content\/img\/util\/loading.gif');\"><\/div>\n<div id=\"SLG_player2\"><\/div>\n<div id=\"SLG_alert100\">A fun\u00e7\u00e3o de fala \u00e9 limitada a 200 caracteres<\/div>\n<div id=\"SLG_Balloon_options\" style=\"background: url('chrome-extension:\/\/mchdgimobfnilobnllpdnompfjkkfdmi\/content\/img\/util\/bg3.png') #ffffff;\">\n<div id=\"SLG_arrow_down\" style=\"background: url('chrome-extension:\/\/mchdgimobfnilobnllpdnompfjkkfdmi\/content\/img\/util\/down.png');\"><\/div>\n<table id=\"SLG_tbl_opt\" width=\"100%\">\n<tbody>\n<tr>\n<td align=\"center\" width=\"5%\"><input id=\"SLG_BBL_locer\" title=\"Mostrar o bot\u00e3o do ImTranslator 3 segundos\" checked=\"checked\" type=\"checkbox\" \/><\/td>\n<td align=\"left\" width=\"5%\">\n<div id=\"SLG_BBL_IMG\" style=\"background: url('chrome-extension:\/\/mchdgimobfnilobnllpdnompfjkkfdmi\/content\/img\/util\/bbl-logo.png');\" title=\"Mostrar o bot\u00e3o do ImTranslator 3 segundos\"><\/div>\n<\/td>\n<td align=\"center\" width=\"70%\"><a class=\"SLG_options\" title=\"Mostrar op\u00e7\u00f5es\" href=\"chrome-extension:\/\/mchdgimobfnilobnllpdnompfjkkfdmi\/content\/html\/options\/options.html?bbl\" target=\"_blank\" rel=\"noopener\">Op\u00e7\u00f5es<\/a> : <a class=\"SLG_options\" title=\"Hist\u00f3rico de tradu\u00e7\u00e3o\" href=\"chrome-extension:\/\/mchdgimobfnilobnllpdnompfjkkfdmi\/content\/html\/options\/options.html?hist\" target=\"_blank\" rel=\"noopener\">Hist\u00f3rico<\/a> : <a class=\"SLG_options\" title=\"Coment\u00e1rios\" href=\"chrome-extension:\/\/mchdgimobfnilobnllpdnompfjkkfdmi\/content\/html\/options\/options.html?feed\" target=\"_blank\" rel=\"noopener\">Coment\u00e1rios<\/a> : <a class=\"SLG_options\" title=\"Fa\u00e7a sua contribui\u00e7\u00e3o\" href=\"https:\/\/www.paypal.com\/cgi-bin\/webscr?cmd=_s-xclick&amp;hosted_button_id=GD9D8CPW8HFA2\" target=\"_blank\" rel=\"noopener\">Donate<\/a><\/td>\n<td align=\"right\" width=\"15%\"><span id=\"SLG_Balloon_Close\" title=\"Encerrar\">Encerrar<\/span><\/td>\n<\/tr>\n<\/tbody>\n<\/table>\n<\/div>\n<\/div>\n<\/div>\n<p>\n<\/div><\/div><\/div><div class=\"kc-elm kc-css-41904 kc_col-sm-3 kc_column_inner kc_col-sm-3\"><div class=\"kc_wrapper kc-col-inner-container\">\n<div class=\"kc-elm kc-css-194000\">\n\t<a class=\"\" href=\"http:\/\/localhost\/dev.wp\/etro\/project\/\" target=\"_self\" title=\"\" onclick=\"\">\n\t\tNossos produtos\t<\/a>\n<\/div>\n<\/div><\/div><\/div><\/div><\/div><\/div><\/div><\/section><\/p>\n","protected":false},"excerpt":{"rendered":"","protected":false},"author":1,"featured_media":0,"parent":0,"menu_order":0,"comment_status":"closed","ping_status":"closed","template":"","meta":{"footnotes":""},"class_list":["post-1780","page","type-page","status-publish","hentry"],"_links":{"self":[{"href":"https:\/\/telasigapo.com.br\/index.php?rest_route=\/wp\/v2\/pages\/1780","targetHints":{"allow":["GET"]}}],"collection":[{"href":"https:\/\/telasigapo.com.br\/index.php?rest_route=\/wp\/v2\/pages"}],"about":[{"href":"https:\/\/telasigapo.com.br\/index.php?rest_route=\/wp\/v2\/types\/page"}],"author":[{"embeddable":true,"href":"https:\/\/telasigapo.com.br\/index.php?rest_route=\/wp\/v2\/users\/1"}],"replies":[{"embeddable":true,"href":"https:\/\/telasigapo.com.br\/index.php?rest_route=%2Fwp%2Fv2%2Fcomments&post=1780"}],"version-history":[{"count":40,"href":"https:\/\/telasigapo.com.br\/index.php?rest_route=\/wp\/v2\/pages\/1780\/revisions"}],"predecessor-version":[{"id":15654,"href":"https:\/\/telasigapo.com.br\/index.php?rest_route=\/wp\/v2\/pages\/1780\/revisions\/15654"}],"wp:attachment":[{"href":"https:\/\/telasigapo.com.br\/index.php?rest_route=%2Fwp%2Fv2%2Fmedia&parent=1780"}],"curies":[{"name":"wp","href":"https:\/\/api.w.org\/{rel}","templated":true}]}}